{"id":6189,"date":"2022-06-03T10:42:08","date_gmt":"2022-06-03T09:42:08","guid":{"rendered":"http:\/\/www.rosacel.pt\/?page_id=6189"},"modified":"2022-11-25T12:15:23","modified_gmt":"2022-11-25T12:15:23","slug":"politica-de-privacidade","status":"publish","type":"page","link":"http:\/\/www.rosacel.pt\/pt\/politica-de-privacidade\/","title":{"rendered":"Pol\u00edtica de Privacidade"},"content":{"rendered":"\t\t<div data-elementor-type=\"wp-page\" data-elementor-id=\"6189\" class=\"elementor elementor-6189\" data-elementor-post-type=\"page\">\n\t\t\t\t\t\t<section class=\"elementor-section elementor-top-section elementor-element elementor-element-0314cbc elementor-section-boxed elementor-section-height-default elementor-section-height-default qodef-elementor-content-no\" data-id=\"0314cbc\" data-element_type=\"section\">\n\t\t\t\t\t\t<div class=\"elementor-container elementor-column-gap-default\">\n\t\t\t\t\t<div class=\"elementor-column elementor-col-100 elementor-top-column elementor-element elementor-element-969dce8\" data-id=\"969dce8\" data-element_type=\"column\">\n\t\t\t<div class=\"elementor-widget-wrap elementor-element-populated\">\n\t\t\t\t\t\t<div class=\"elementor-element elementor-element-eda760f elementor-widget elementor-widget-text-editor\" data-id=\"eda760f\" data-element_type=\"widget\" data-widget_type=\"text-editor.default\">\n\t\t\t\t<div class=\"elementor-widget-container\">\n\t\t\t\t\t\t\t\t\t<p><strong>RECOLHA E USO DE INFORMA\u00c7\u00d5ES<\/strong><\/p><p>A presente <strong>Pol\u00edtica de Privacidade<\/strong> regula a pol\u00edtica de navega\u00e7\u00e3o e utiliza\u00e7\u00e3o de cookies, bem como o tratamento de dados de car\u00e1cter pessoal realizado no website\u00a0<a href=\"http:\/\/www.rosacel.pt\"><strong>www.rosacel.pt <\/strong><\/a>(doravante tamb\u00e9m designado por &#8220;site&#8221;).\u00a0<\/p><p>A utiliza\u00e7\u00e3o do site atribui a condi\u00e7\u00e3o de utilizador (doravante tamb\u00e9m designado por o &#8220;utilizador&#8221;) e implica o conhecimento e a aceita\u00e7\u00e3o de todas as condi\u00e7\u00f5es inclu\u00eddas nesta Pol\u00edtica de Privacidade.<br \/>O utilizador deve ler atentamente a presente Pol\u00edtica de Privacidade sempre que se propuser utilizar o site, j\u00e1 que esta pode sofrer modifica\u00e7\u00f5es.<\/p><p>A <strong>Rosacel T\u00eaxteis Unipessoal, Lda<\/strong>, leva a s\u00e9rio as obriga\u00e7\u00f5es para proteger a sua privacidade e os seus dados pessoais. O objetivo desta Pol\u00edtica de Privacidade \u00e9 inform\u00e1-lo sobre que dados s\u00e3o recolhidos, como podemos usar tais informa\u00e7\u00f5es, e como a informa\u00e7\u00e3o pode ser corrigida ou alterada.<\/p><p>No cumprimento da Lei n\u00ba 67\/98 de 26 de Outubro, sobre a Prote\u00e7\u00e3o de Dados Pessoais, informamos que o tratamento dos dados pessoais recolhidos no site \u00e9 da responsabilidade da <strong>Rosacel T\u00eaxteis Unipessoal, Lda<\/strong>.<br \/>A recolha de dados significa que o seu nome, endere\u00e7o, n\u00famero de telefone, endere\u00e7o de correio eletr\u00f3nico,\u00a0destinam-se a comunica\u00e7\u00e3o com os clientes, processamento de pedidos de informa\u00e7\u00e3o e de eventuais reclama\u00e7\u00f5es, an\u00e1lise estat\u00edstica, bem como a respetiva utiliza\u00e7\u00e3o para efeitos de marketing direto.<\/p><p>NOTA: A sua informa\u00e7\u00e3o \u00e9 rigorosamente CONFIDENCIAL e apenas com o seu consentimento poder\u00e1 ser compartilhada ou transferida para entidades terceiras.<\/p><p><strong>SEGURAN\u00c7A DOS SEUS DADOS PESSOAIS<\/strong><\/p><p>O utilizador tem sempre a op\u00e7\u00e3o de aceitar ou rejeitar as condi\u00e7\u00f5es legais pelas quais facultar\u00e1 esses dados. Em caso de concord\u00e2ncia, esses dados s\u00e3o facultados pelo utilizador sempre de forma volunt\u00e1ria, com indica\u00e7\u00e3o pr\u00e9via para o efeito no quadro correspondente.\u00a0<\/p><p>O utilizador tem o direito a aceder, em qualquer momento, a esta informa\u00e7\u00e3o, podendo retific\u00e1-la, cancel\u00e1-la e opor-se \u00e0 mesma. Al\u00e9m disso, pode pedir a qualquer altura para n\u00e3o ser mais contactado para fins de marketing direto.<br \/>O utilizador pode exercer estes direitos, enviando o respetivo pedido para o endere\u00e7o de correio eletr\u00f3nico <strong><u>info@rosacel.pt<\/u><\/strong>.<\/p><p><strong>COOKIES<\/strong><br \/>O site usa &#8220;cookies&#8221;. Um cookie \u00e9 uma pequena quantidade de dados enviados do servidor para o seu browser e s\u00e3o armazenados no disco r\u00edgido do seu computador. Geralmente, usamos cookies para nos permitir rastrear suas visitas ao nosso site e para facilitar o processo de compras. Sempre que necess\u00e1rio, pediremos o seu consentimento.<br \/>Pode configurar seu navegador para notific\u00e1-lo quando receber um cookie para que voc\u00ea possa decidir se o aceita ou n\u00e3o. Voc\u00ea tamb\u00e9m pode optar por desativar os cookies, mas n\u00e3o ser\u00e1 capaz de usufruir de todos os servi\u00e7os do site.\u00a0<br \/>Para mais informa\u00e7\u00f5es, por favor consulte a nossa\u00a0<strong>Pol\u00edtica de Cookies<\/strong>.<\/p><p><strong>PROPRIEDADE INTELECTUAL E COPYRIGHT<\/strong><\/p><p><strong>\u00a0<\/strong><br \/>Toda a informa\u00e7\u00e3o contida neste site, o seu desenho gr\u00e1fico, bem como o seu c\u00f3digo fonte, constituem uma obra cuja propriedade intelectual pertence \u00e0 <strong>Rosacel T\u00eaxteis Unipessoal, Lda<\/strong>.<\/p><p>A distribui\u00e7\u00e3o, modifica\u00e7\u00e3o, ced\u00eancia, comunica\u00e7\u00e3o p\u00fablica e qualquer outro ato que n\u00e3o tenha sido expressamente autorizado pelo titular dos direitos de explora\u00e7\u00e3o est\u00e3o proibidos.\u00a0<br \/>Os nomes de dom\u00ednio<strong> rosacel.pt<\/strong>\u00a0s\u00e3o propriedade da <strong>Rosacel T\u00eaxteis Unipessoal, Lda\u00a0<\/strong>e n\u00e3o podem ser utilizados de alguma forma que possa causar confus\u00e3o entre os nossos clientes e\/ou o descr\u00e9dito da empresa.<\/p><p><strong>LIMITA\u00c7\u00c3O DE RESPONSABILIDADES\u00a0<\/strong><\/p><p>A <strong>Rosacel T\u00eaxteis Unipessoal, Lda<\/strong>, fica exonerada de qualquer responsabilidade decorrente do seguinte: falhas no site causadas por motivos de for\u00e7a maior, casos fortuitos ou outras causas n\u00e3o imput\u00e1veis \u00e0 mesma, problemas t\u00e9cnicos e\/ou mec\u00e2nicos, v\u00edrus \u201cproduzidos\u201d durante a liga\u00e7\u00e3o \u00e0 internet quer seja atrav\u00e9s do site ou de sites de terceiros, nos sistemas inform\u00e1ticos (software e hardware), nos documentos e ficheiros eletr\u00f3nicos armazenados nos equipamentos inform\u00e1ticos, acesso de menores de idade aos conte\u00fados inclu\u00eddos no site, sendo da responsabilidade dos respetivos progenitores ou tutores exercer um controlo adequado sobre a atividade dos filhos ou menores \u00e0 sua guarda.\u00a0<\/p><p>A <strong>Rosacel T\u00eaxteis Unipessoal, Lda<\/strong>, n\u00e3o se responsabiliza por atos fraudulentos, especulativos ou de m\u00e1-f\u00e9 na utiliza\u00e7\u00e3o deste servi\u00e7o.<br \/>O site\u00a0<a href=\"http:\/\/www.rosacel.pt\"><strong>www.rosacel.pt<\/strong><\/a> pode fornecer links para outros websites. Por favor, esteja ciente de que a partir do momento em que deixa o nosso site e entra noutro, pode estar sujeito a diferentes pr\u00e1ticas de privacidade e pol\u00edticas sobre as quais a nossa empresa, n\u00e3o tem qualquer controlo e pelos quais n\u00e3o \u00e9 respons\u00e1vel pela veracidade, atualiza\u00e7\u00e3o e licitude dos conte\u00fados das p\u00e1ginas que, consoante o caso, sejam sugeridas pela empresa ou apare\u00e7am ligadas e dessa forma fica ao crit\u00e9rio do utilizador aceit\u00e1-las ou n\u00e3o. A <strong>Rosacel T\u00eaxteis Unipessoal, Lda<\/strong>, n\u00e3o \u00e9 respons\u00e1vel pelas comunica\u00e7\u00f5es que, incluindo o nome<strong> Rosacel T\u00eaxteis Unipessoal, Lda<\/strong>, n\u00e3o tenham sido previamente autorizadas pela mesma. Para este efeito, informamos que todas as comunica\u00e7\u00f5es relativas a a\u00e7\u00f5es ou convites para participar em algum evento relacionado com a marca ser\u00e3o sempre publicadas no site oficial.<\/p><p><strong>POL\u00cdTICA DE PRIVACIDADE<\/strong><\/p><p>Esta Pol\u00edtica de Privacidade fornece-lhe todas as informa\u00e7\u00f5es necess\u00e1rias para fazer a escolha de usar este site ou n\u00e3o. Ao utiliz\u00e1-lo e ao comunicar eletronicamente connosco, reconhece e aceita a pol\u00edtica de privacidade e autoriza-nos a processar seus dados pessoais como descrito neste documento.<\/p><p><strong>PERGUNTAS SOBRE ESTA POL\u00cdTICA DE PRIVACIDADE<\/strong><br \/>Se tiver alguma d\u00favida sobre esta Pol\u00edtica de Privacidade, entre em contato connosco atrav\u00e9s da p\u00e1gina de contactos do nosso site.<\/p><p><strong>SUGEST\u00d5ES E RECLAMA\u00c7\u00d5ES<\/strong><\/p><p>As sugest\u00f5es e reclama\u00e7\u00f5es poder\u00e3o ser dirigidas via email (<strong><u>info@rosacel.pt<\/u><\/strong>) ou pelo correio para o endere\u00e7o: <a href=\"mailto:geral@rosacel.pt\">geral@rosacel.pt<\/a><\/p>\t\t\t\t\t\t\t\t<\/div>\n\t\t\t\t<\/div>\n\t\t\t\t\t<\/div>\n\t\t<\/div>\n\t\t\t\t\t<\/div>\n\t\t<\/section>\n\t\t\t\t<\/div>\n\t\t","protected":false},"excerpt":{"rendered":"<p>RECOLHA E USO DE INFORMA\u00c7\u00d5ES A presente Pol\u00edtica de Privacidade regula a pol\u00edtica de navega\u00e7\u00e3o e utiliza\u00e7\u00e3o de cookies, bem como o tratamento de dados de car\u00e1cter pessoal realizado no website&nbsp;www.rosacel.pt (doravante tamb\u00e9m designado por &#8220;site&#8221;).&nbsp; A utiliza\u00e7\u00e3o do site atribui a condi\u00e7\u00e3o de utilizador (doravante tamb\u00e9m designado por o &#8220;utilizador&#8221;) e implica o conhecimento [&hellip;]<\/p>\n","protected":false},"author":1,"featured_media":0,"parent":0,"menu_order":5,"comment_status":"closed","ping_status":"closed","template":"page-full-width.php","meta":{"footnotes":""},"class_list":["post-6189","page","type-page","status-publish","hentry"],"yoast_head":"<!-- This site is optimized with the Yoast SEO Premium plugin v19.2.1 (Yoast SEO v25.6) - https:\/\/yoast.com\/wordpress\/plugins\/seo\/ -->\n<title>Pol\u00edtica de Privacidade - Rosacel<\/title>\n<meta name=\"description\" content=\"Pol\u00edtica de Privacidade \u00e9 a p\u00e1gina onde contem toda a informa\u00e7\u00e3o a cerca da privacidade do website Rosacel Home Textiles\" \/>\n<meta name=\"robots\" content=\"index, follow, max-snippet:-1, max-image-preview:large, max-video-preview:-1\" \/>\n<link rel=\"canonical\" href=\"http:\/\/www.rosacel.pt\/pt\/politica-de-privacidade\/\" \/>\n<meta property=\"og:locale\" content=\"pt_PT\" \/>\n<meta property=\"og:type\" content=\"article\" \/>\n<meta property=\"og:title\" content=\"Pol\u00edtica de Privacidade\" \/>\n<meta property=\"og:description\" content=\"Pol\u00edtica de Privacidade \u00e9 a p\u00e1gina onde contem toda a informa\u00e7\u00e3o a cerca da privacidade do website Rosacel Home Textiles\" \/>\n<meta property=\"og:url\" content=\"http:\/\/www.rosacel.pt\/pt\/politica-de-privacidade\/\" \/>\n<meta property=\"og:site_name\" content=\"Rosacel\" \/>\n<meta property=\"article:publisher\" content=\"https:\/\/pt-pt.facebook.com\/rosacelhometextiles\/\" \/>\n<meta property=\"article:modified_time\" content=\"2022-11-25T12:15:23+00:00\" \/>\n<meta property=\"og:image\" content=\"https:\/\/www.rosacel.pt\/wp-content\/uploads\/2022\/03\/logo-rosacel-1.png\" \/>\n\t<meta property=\"og:image:width\" content=\"1300\" \/>\n\t<meta property=\"og:image:height\" content=\"315\" \/>\n\t<meta property=\"og:image:type\" content=\"image\/png\" \/>\n<meta name=\"twitter:card\" content=\"summary_large_image\" \/>\n<meta name=\"twitter:label1\" content=\"Tempo estimado de leitura\" \/>\n\t<meta name=\"twitter:data1\" content=\"5 minutos\" \/>\n<script type=\"application\/ld+json\" class=\"yoast-schema-graph\">{\"@context\":\"https:\/\/schema.org\",\"@graph\":[{\"@type\":\"WebPage\",\"@id\":\"https:\/\/www.rosacel.pt\/politica-de-privacidade\/\",\"url\":\"https:\/\/www.rosacel.pt\/politica-de-privacidade\/\",\"name\":\"Pol\u00edtica de Privacidade - Rosacel\",\"isPartOf\":{\"@id\":\"http:\/\/www.rosacel.pt\/en\/#website\"},\"datePublished\":\"2022-06-03T09:42:08+00:00\",\"dateModified\":\"2022-11-25T12:15:23+00:00\",\"description\":\"Pol\u00edtica de Privacidade \u00e9 a p\u00e1gina onde contem toda a informa\u00e7\u00e3o a cerca da privacidade do website Rosacel Home Textiles\",\"breadcrumb\":{\"@id\":\"https:\/\/www.rosacel.pt\/politica-de-privacidade\/#breadcrumb\"},\"inLanguage\":\"pt-PT\",\"potentialAction\":[{\"@type\":\"ReadAction\",\"target\":[\"https:\/\/www.rosacel.pt\/politica-de-privacidade\/\"]}]},{\"@type\":\"BreadcrumbList\",\"@id\":\"https:\/\/www.rosacel.pt\/politica-de-privacidade\/#breadcrumb\",\"itemListElement\":[{\"@type\":\"ListItem\",\"position\":1,\"name\":\"Home\",\"item\":\"https:\/\/www.rosacel.pt\/\"},{\"@type\":\"ListItem\",\"position\":2,\"name\":\"Pol\u00edtica de Privacidade\"}]},{\"@type\":\"WebSite\",\"@id\":\"http:\/\/www.rosacel.pt\/en\/#website\",\"url\":\"http:\/\/www.rosacel.pt\/en\/\",\"name\":\"Rosacel\",\"description\":\"bedspreads, duvet covers, table linen, throws and plaids producers\",\"publisher\":{\"@id\":\"http:\/\/www.rosacel.pt\/en\/#organization\"},\"potentialAction\":[{\"@type\":\"SearchAction\",\"target\":{\"@type\":\"EntryPoint\",\"urlTemplate\":\"http:\/\/www.rosacel.pt\/en\/?s={search_term_string}\"},\"query-input\":{\"@type\":\"PropertyValueSpecification\",\"valueRequired\":true,\"valueName\":\"search_term_string\"}}],\"inLanguage\":\"pt-PT\"},{\"@type\":\"Organization\",\"@id\":\"http:\/\/www.rosacel.pt\/en\/#organization\",\"name\":\"Rosacel - Home Textiles\",\"url\":\"http:\/\/www.rosacel.pt\/en\/\",\"logo\":{\"@type\":\"ImageObject\",\"inLanguage\":\"pt-PT\",\"@id\":\"http:\/\/www.rosacel.pt\/en\/#\/schema\/logo\/image\/\",\"url\":\"http:\/\/www.rosacel.pt\/wp-content\/uploads\/2022\/03\/logo-rosacel-1.png\",\"contentUrl\":\"http:\/\/www.rosacel.pt\/wp-content\/uploads\/2022\/03\/logo-rosacel-1.png\",\"width\":1300,\"height\":315,\"caption\":\"Rosacel - Home Textiles\"},\"image\":{\"@id\":\"http:\/\/www.rosacel.pt\/en\/#\/schema\/logo\/image\/\"},\"sameAs\":[\"https:\/\/pt-pt.facebook.com\/rosacelhometextiles\/\",\"https:\/\/www.instagram.com\/rosacel.hometextiles\/\",\"https:\/\/pt.linkedin.com\/company\/rosacel-home-textiles\"]}]}<\/script>\n<!-- \/ Yoast SEO Premium plugin. -->","yoast_head_json":{"title":"Pol\u00edtica de Privacidade - Rosacel","description":"Pol\u00edtica de Privacidade \u00e9 a p\u00e1gina onde contem toda a informa\u00e7\u00e3o a cerca da privacidade do website Rosacel Home Textiles","robots":{"index":"index","follow":"follow","max-snippet":"max-snippet:-1","max-image-preview":"max-image-preview:large","max-video-preview":"max-video-preview:-1"},"canonical":"http:\/\/www.rosacel.pt\/pt\/politica-de-privacidade\/","og_locale":"pt_PT","og_type":"article","og_title":"Pol\u00edtica de Privacidade","og_description":"Pol\u00edtica de Privacidade \u00e9 a p\u00e1gina onde contem toda a informa\u00e7\u00e3o a cerca da privacidade do website Rosacel Home Textiles","og_url":"http:\/\/www.rosacel.pt\/pt\/politica-de-privacidade\/","og_site_name":"Rosacel","article_publisher":"https:\/\/pt-pt.facebook.com\/rosacelhometextiles\/","article_modified_time":"2022-11-25T12:15:23+00:00","og_image":[{"width":1300,"height":315,"url":"https:\/\/www.rosacel.pt\/wp-content\/uploads\/2022\/03\/logo-rosacel-1.png","type":"image\/png"}],"twitter_card":"summary_large_image","twitter_misc":{"Tempo estimado de leitura":"5 minutos"},"schema":{"@context":"https:\/\/schema.org","@graph":[{"@type":"WebPage","@id":"https:\/\/www.rosacel.pt\/politica-de-privacidade\/","url":"https:\/\/www.rosacel.pt\/politica-de-privacidade\/","name":"Pol\u00edtica de Privacidade - Rosacel","isPartOf":{"@id":"http:\/\/www.rosacel.pt\/en\/#website"},"datePublished":"2022-06-03T09:42:08+00:00","dateModified":"2022-11-25T12:15:23+00:00","description":"Pol\u00edtica de Privacidade \u00e9 a p\u00e1gina onde contem toda a informa\u00e7\u00e3o a cerca da privacidade do website Rosacel Home Textiles","breadcrumb":{"@id":"https:\/\/www.rosacel.pt\/politica-de-privacidade\/#breadcrumb"},"inLanguage":"pt-PT","potentialAction":[{"@type":"ReadAction","target":["https:\/\/www.rosacel.pt\/politica-de-privacidade\/"]}]},{"@type":"BreadcrumbList","@id":"https:\/\/www.rosacel.pt\/politica-de-privacidade\/#breadcrumb","itemListElement":[{"@type":"ListItem","position":1,"name":"Home","item":"https:\/\/www.rosacel.pt\/"},{"@type":"ListItem","position":2,"name":"Pol\u00edtica de Privacidade"}]},{"@type":"WebSite","@id":"http:\/\/www.rosacel.pt\/en\/#website","url":"http:\/\/www.rosacel.pt\/en\/","name":"Rosacel","description":"bedspreads, duvet covers, table linen, throws and plaids producers","publisher":{"@id":"http:\/\/www.rosacel.pt\/en\/#organization"},"potentialAction":[{"@type":"SearchAction","target":{"@type":"EntryPoint","urlTemplate":"http:\/\/www.rosacel.pt\/en\/?s={search_term_string}"},"query-input":{"@type":"PropertyValueSpecification","valueRequired":true,"valueName":"search_term_string"}}],"inLanguage":"pt-PT"},{"@type":"Organization","@id":"http:\/\/www.rosacel.pt\/en\/#organization","name":"Rosacel - Home Textiles","url":"http:\/\/www.rosacel.pt\/en\/","logo":{"@type":"ImageObject","inLanguage":"pt-PT","@id":"http:\/\/www.rosacel.pt\/en\/#\/schema\/logo\/image\/","url":"http:\/\/www.rosacel.pt\/wp-content\/uploads\/2022\/03\/logo-rosacel-1.png","contentUrl":"http:\/\/www.rosacel.pt\/wp-content\/uploads\/2022\/03\/logo-rosacel-1.png","width":1300,"height":315,"caption":"Rosacel - Home Textiles"},"image":{"@id":"http:\/\/www.rosacel.pt\/en\/#\/schema\/logo\/image\/"},"sameAs":["https:\/\/pt-pt.facebook.com\/rosacelhometextiles\/","https:\/\/www.instagram.com\/rosacel.hometextiles\/","https:\/\/pt.linkedin.com\/company\/rosacel-home-textiles"]}]}},"_links":{"self":[{"href":"http:\/\/www.rosacel.pt\/pt\/wp-json\/wp\/v2\/pages\/6189","targetHints":{"allow":["GET"]}}],"collection":[{"href":"http:\/\/www.rosacel.pt\/pt\/wp-json\/wp\/v2\/pages"}],"about":[{"href":"http:\/\/www.rosacel.pt\/pt\/wp-json\/wp\/v2\/types\/page"}],"author":[{"embeddable":true,"href":"http:\/\/www.rosacel.pt\/pt\/wp-json\/wp\/v2\/users\/1"}],"replies":[{"embeddable":true,"href":"http:\/\/www.rosacel.pt\/pt\/wp-json\/wp\/v2\/comments?post=6189"}],"version-history":[{"count":0,"href":"http:\/\/www.rosacel.pt\/pt\/wp-json\/wp\/v2\/pages\/6189\/revisions"}],"wp:attachment":[{"href":"http:\/\/www.rosacel.pt\/pt\/wp-json\/wp\/v2\/media?parent=6189"}],"curies":[{"name":"wp","href":"https:\/\/api.w.org\/{rel}","templated":true}]}}