{"id":6183,"date":"2022-06-03T10:32:29","date_gmt":"2022-06-03T09:32:29","guid":{"rendered":"http:\/\/www.rosacel.pt\/?page_id=6183"},"modified":"2023-01-10T21:09:27","modified_gmt":"2023-01-10T21:09:27","slug":"politica-de-cookies","status":"publish","type":"page","link":"http:\/\/www.rosacel.pt\/pt\/politica-de-cookies\/","title":{"rendered":"Pol\u00edtica de Cookies"},"content":{"rendered":"\t\t<div data-elementor-type=\"wp-page\" data-elementor-id=\"6183\" class=\"elementor elementor-6183\" data-elementor-post-type=\"page\">\n\t\t\t\t\t\t<section class=\"elementor-section elementor-top-section elementor-element elementor-element-b80efae elementor-section-boxed elementor-section-height-default elementor-section-height-default qodef-elementor-content-no\" data-id=\"b80efae\" data-element_type=\"section\">\n\t\t\t\t\t\t<div class=\"elementor-container elementor-column-gap-default\">\n\t\t\t\t\t<div class=\"elementor-column elementor-col-100 elementor-top-column elementor-element elementor-element-aefb99d\" data-id=\"aefb99d\" data-element_type=\"column\">\n\t\t\t<div class=\"elementor-widget-wrap elementor-element-populated\">\n\t\t\t\t\t\t<div class=\"elementor-element elementor-element-57b2688 elementor-widget elementor-widget-text-editor\" data-id=\"57b2688\" data-element_type=\"widget\" data-widget_type=\"text-editor.default\">\n\t\t\t\t<div class=\"elementor-widget-container\">\n\t\t\t\t\t\t\t\t\t<p>Este website utiliza&nbsp;<em>cookies<\/em>&nbsp;para melhorar o seu servi\u00e7o.<\/p>\n<p><strong>1. O que s\u00e3o&nbsp;<em>cookies<\/em><\/strong>?<br>Os&nbsp;<em>cookies<\/em>&nbsp;s\u00e3o pequenos ficheiros de texto que um&nbsp;<em>website<\/em>, ao ser visitado pelo utilizador, coloca no seu computador ou no seu dispositivo m\u00f3vel atrav\u00e9s do navegador de internet (browser). A coloca\u00e7\u00e3o de&nbsp;<em>cookies<\/em>&nbsp;ajudar\u00e1 o&nbsp;<em>site<\/em>&nbsp;a reconhecer o seu dispositivo na pr\u00f3xima vez que o utilizador o visita.&nbsp;<\/p>\n<p>Usamos o termo&nbsp;<em>cookies<\/em>&nbsp;nesta pol\u00edtica para referir todos os ficheiros que recolhem informa\u00e7\u00f5es desta forma.&nbsp;.Alguns cookies s\u00e3o essenciais para garantir as funcionalidades disponibilizadas, enquanto outros s\u00e3o destinadas a melhorar o desempenho e a experi\u00eancia do utilizador.&nbsp;N\u00e3o dever\u00e1 continuar a aceder ao nosso&nbsp;<em>website<\/em>&nbsp;ap\u00f3s o alerta sobre os cookies, se n\u00e3o concordar com a sua utiliza\u00e7\u00e3o.<\/p>\n<p><strong>Que tipo de c<em>ookies<\/em>&nbsp;utilizamos<\/strong>?&nbsp;<\/p>\n<table width=\"596\">\n<thead>\n<tr>\n<td width=\"191\">\n<p><strong>ORIGEM<\/strong><\/p>\n<\/td>\n<td width=\"191\">\n<p><strong>NOME COOKIE<\/strong><\/p>\n<\/td>\n<td width=\"382\">\n<p><strong>PROP\u00d3SITO<\/strong><\/p>\n<\/td>\n<td width=\"191\">\n<p><strong>EXPIRA<\/strong><\/p>\n<\/td>\n<\/tr>\n<\/thead>\n<tbody>\n<tr>\n<td rowspan=\"2\" width=\"191\">\n<p>ROSACEL<\/p>\n<\/td>\n<td width=\"191\">\n<p>PHPSESSID<\/p>\n<\/td>\n<td width=\"382\">\n<p>\u00c9 utilizado pela linguagem PHP para permitir que as vari\u00e1veis de sess\u00e3o sejam guardadas no servidor web. Este cookie \u00e9 essencial para o funcionamento do website.<\/p>\n<\/td>\n<td width=\"191\">\n<p>Quando o browser \u00e9 fechado<\/p>\n<\/td>\n<\/tr>\n<tr>\n<td width=\"191\">\n<p>allowCookies<\/p>\n<\/td>\n<td width=\"382\">\n<p>Utilizado para controlar a aceita\u00e7\u00e3o do utilizador da pol\u00edtica de cookies do site<\/p>\n<\/td>\n<td width=\"191\">\n<p>Ap\u00f3s 1 ano<\/p>\n<\/td>\n<\/tr>\n<tr>\n<td width=\"191\">\n<p>AddThis<\/p>\n<\/td>\n<td width=\"191\">\n<p>__atuvc<\/p>\n<\/td>\n<td width=\"382\">\n<p>Criado e lido pelo AddThis, site JavaScript para a partilha nas redes sociais. Guarda o n\u00famero de partilhas de uma p\u00e1gina.<\/p>\n<\/td>\n<td width=\"191\">\n<p>Ap\u00f3s 2 anos<\/p>\n<\/td>\n<\/tr>\n<tr>\n<td rowspan=\"4\" width=\"191\">\n<p>Google<br>(<a href=\"https:\/\/developers.google.com\/analytics\/devguides\/collection\/gtagjs\/cookie-usage\"><strong>Saber mais<\/strong><\/a>)<\/p>\n<\/td>\n<td width=\"191\">\n<p>_ga<\/p>\n<\/td>\n<td width=\"382\">\n<p>Utilizado para distinguir os utilizadores.<\/p>\n<\/td>\n<td width=\"191\">\n<p>Ap\u00f3s 2 anos<\/p>\n<\/td>\n<\/tr>\n<tr>\n<td width=\"191\">\n<p>_gat<\/p>\n<\/td>\n<td width=\"382\">\n<p>Utilizado para acelerar a percentagem de pedidos.<\/p>\n<\/td>\n<td width=\"191\">\n<p>Ap\u00f3s 1 minuto<\/p>\n<\/td>\n<\/tr>\n<tr>\n<td width=\"191\">\n<p>gat_gtag_UA<\/p>\n<\/td>\n<td width=\"382\">\n<p>Cont\u00e9m informa\u00e7\u00f5es relacionadas com campanhas para o utilizador. Ao vincular suas contas do Google Analytics e do Google AdWords, as tags de convers\u00e3o de site do Google AdWords analisar\u00e3o esse cookie, a menos que esteja inativo.<\/p>\n<\/td>\n<td width=\"191\">\n<p>Ap\u00f3s 1 minuto<\/p>\n<\/td>\n<\/tr>\n<tr>\n<td width=\"191\">\n<p>gid<\/p>\n<\/td>\n<td width=\"382\">\n<p>Utilizado para distinguir os utilizadores.<\/p>\n<\/td>\n<td width=\"191\">\n<p>Ap\u00f3s 1 dia<\/p>\n<\/td>\n<\/tr>\n<\/tbody>\n<\/table>\n<ol start=\"2\">\n<li>\n<p><strong> Aceitar\/recusar cookies<\/strong><br>Poder\u00e1 a qualquer momento optar por aceitar ou recusar a instala\u00e7\u00e3o de&nbsp;<em>cookies&nbsp;<\/em>no seu terminal, configurando o software de navega\u00e7\u00e3o.&nbsp;<\/p>\n<p><strong>2.1 Se aceitar cookies<\/strong>&nbsp;<br>O registo de uma cookie no seu terminal depende da sua vontade. Em qualquer momento, poder\u00e1 exprimir e modificar a sua escolha gratuitamente atrav\u00e9s das op\u00e7\u00f5es disponibilizadas pelo seu software de navega\u00e7\u00e3o.&nbsp;<\/p>\n<p>Se no software de navega\u00e7\u00e3o que utiliza tiver aceitado a grava\u00e7\u00e3o de cookies no seu terminal, as cookies integradas nas p\u00e1ginas e conte\u00fados que tiver consultado poder\u00e3o ficar temporariamente armazenadas num espa\u00e7o espec\u00edfico do seu terminal. Nesse local, ser\u00e3o leg\u00edveis apenas pelo emissor das mesmas.&nbsp;<\/p>\n<p><strong>2.2 Qual \u00e9 o interesse de aceitar cookies?&nbsp;<\/strong><br>Quando visitar website <a href=\"http:\/\/www.rosacel.pt\">www.rosacel.pt<\/a>, estas cookies registar\u00e3o determinadas informa\u00e7\u00f5es que est\u00e3o armazenadas no seu terminal. Estas informa\u00e7\u00f5es servem, nomeadamente, para lhe prop\u00f4r produtos em fun\u00e7\u00e3o dos artigos que j\u00e1 seleccionou aquando de suas visitas anteriores, e permitem-lhe assim beneficiar de uma melhor navega\u00e7\u00e3o no nosso Site.&nbsp;<\/p>\n<p><strong>2.3 Se recusar&nbsp;<em>cookies&nbsp;<\/em><\/strong><br>Quando recusa&nbsp;<em>cookies,<\/em>&nbsp;n\u00f3s instalamos contudo uma&nbsp;<em>cookie<\/em>&nbsp;de&nbsp;<em>&#8220;recusa<\/em>&#8220;. Esta&nbsp;<em>cookie&nbsp;<\/em>permite-nos memorizar a sua escolha, de modo a evitar que lhe perguntemos a cada visita se deseja aceitar ou recusar cookies.<\/p>\n<p><strong>2.4 Configura\u00e7\u00e3o do seu navegador<\/strong><br>A configura\u00e7\u00e3o da gest\u00e3o das cookies depende de cada navegador e est\u00e1 presente no menu de ajuda do seu navegador.<\/p>\n<p><strong>No Internet Explorer<\/strong><br>Para personalizar as defini\u00e7\u00f5es relativas \u00e0s cookies para uma p\u00e1gina web<br>No Internet Explorer, clique no bot\u00e3o Ferramentas e depois em Op\u00e7\u00f5es da Internet.<br>Clique no separador Privacidade e depois em Sites.<br>No espa\u00e7o Endere\u00e7o do Web site, insira o endere\u00e7o completo (URL) da p\u00e1gina web cujas defini\u00e7\u00f5es de privacidade deseja personalizar.&nbsp;<br>Por exemplo, http:\/\/www.microsoft.com.<br>Para autorizar o registo de cookies da p\u00e1gina web especificada no seu computador, clique em Permitir. Para proibir o registo de cookies da p\u00e1gina web especificada no seu computador, clique em Bloquear.<br>Repita as etapas 3 e 4 para cada p\u00e1gina web que queira bloquear ou permitir. Quando terminar, clique em OK duas vezes.<\/p>\n<p><strong>No Safari<\/strong><br>V\u00e1 a Prefer\u00eancias, clique no painel Privacidade e, de seguida, Gerir as Cookies.<\/p>\n<p><strong>No Chrome<\/strong><br>Clique no menu do Chrome que est\u00e1 situado na barra de ferramentas do navegador.<br>Seleccione Defini\u00e7\u00f5es.<br>Clique em Mostrar defini\u00e7\u00f5es avan\u00e7adas.<br>Na sec\u00e7\u00e3o &#8220;Privacidade&#8221;, clique no bot\u00e3o Defini\u00e7\u00f5es de conte\u00fado.<br>Na sec\u00e7\u00e3o &#8220;Cookies&#8221; poder\u00e1 modificar as defini\u00e7\u00f5es seguintes:<br>Eliminar cookies&nbsp;<br>Bloquear cookies por predefini\u00e7\u00e3o&nbsp;<br>Permitir cookies por predefini\u00e7\u00e3o<br>Criar excep\u00e7\u00f5es para cookies de Websites ou dom\u00ednios espec\u00edficos.<\/p>\n<p><strong>No Firefox<\/strong><br>Clique no bot\u00e3o Ferramentas e depois em Op\u00e7\u00f5es.<br>Clique no separador Privacidade.<br>No Hist\u00f3rico, seleccione &#8220;Usar defini\u00e7\u00f5es personalizadas para o hist\u00f3rico.&#8221;.<br>Assinalar a quadr\u00edcula &#8220;aceitar cookies&#8221; e clicar em excep\u00e7\u00f5es para escolher os s\u00edtios web que ter\u00e3o ou n\u00e3o ter\u00e3o permiss\u00e3o para instalar cookies no seu terminal.<\/p>\n<p><strong>No Opera<\/strong><br>Prefer\u00eancias &gt; Avan\u00e7ado&gt; Cookies&nbsp;<br>As prefer\u00eancias de cookies permitem-lhe controlar a forma como o Opera gere as cookies. A configura\u00e7\u00e3o por defeito \u00e9 aceitar todas as cookies.<br>Aceitar cookies&nbsp;<br>&#8211; Todas as cookies s\u00e3o aceites (por defeito)<br>Aceitar cookies apenas do site que visito&nbsp;<br>&#8211; As cookies de terceiros, de um dom\u00ednio exterior \u00e0quele que est\u00e1 a visitar, ser\u00e3o recusadas<br>Nunca aceitar cookies&nbsp;<br>&#8211; Todas as cookies ser\u00e3o recusadas<\/p>\n<p><strong>3. Atualiza\u00e7\u00e3o da Notifica\u00e7\u00e3o Legal<\/strong><br>A <strong>Rosacel T\u00eaxteis Unipessoal, Lda<\/strong> reserva-se o direito de fazer quaisquer altera\u00e7\u00f5es ou corre\u00e7\u00f5es a esta notifica\u00e7\u00e3o de cookies. Por favor consulte esta p\u00e1gina regularmente de modo a rever a informa\u00e7\u00e3o e verificar se existe alguma atualiza\u00e7\u00e3o.<\/p>\n<p>Esta notifica\u00e7\u00e3o foi atualizada em 02 de janeiro de 2023.<\/p><\/li>\n<\/ol>\t\t\t\t\t\t\t\t<\/div>\n\t\t\t\t<\/div>\n\t\t\t\t\t<\/div>\n\t\t<\/div>\n\t\t\t\t\t<\/div>\n\t\t<\/section>\n\t\t\t\t<\/div>\n\t\t","protected":false},"excerpt":{"rendered":"<p>Este website utiliza&nbsp;cookies&nbsp;para melhorar o seu servi\u00e7o. 1. O que s\u00e3o&nbsp;cookies?Os&nbsp;cookies&nbsp;s\u00e3o pequenos ficheiros de texto que um&nbsp;website, ao ser visitado pelo utilizador, coloca no seu computador ou no seu dispositivo m\u00f3vel atrav\u00e9s do navegador de internet (browser). A coloca\u00e7\u00e3o de&nbsp;cookies&nbsp;ajudar\u00e1 o&nbsp;site&nbsp;a reconhecer o seu dispositivo na pr\u00f3xima vez que o utilizador o visita.&nbsp; Usamos o [&hellip;]<\/p>\n","protected":false},"author":1,"featured_media":0,"parent":0,"menu_order":6,"comment_status":"closed","ping_status":"closed","template":"page-full-width.php","meta":{"footnotes":""},"class_list":["post-6183","page","type-page","status-publish","hentry"],"yoast_head":"<!-- This site is optimized with the Yoast SEO Premium plugin v19.2.1 (Yoast SEO v25.6) - https:\/\/yoast.com\/wordpress\/plugins\/seo\/ -->\n<title>Pol\u00edtica de Cookies - Rosacel<\/title>\n<meta name=\"description\" content=\"Politica de Cookies \u00e9 a pagina onde tem toda a informa\u00e7\u00e3o acerca dos cookies usados pelo website da Rosacel.\" \/>\n<meta name=\"robots\" content=\"index, follow, max-snippet:-1, max-image-preview:large, max-video-preview:-1\" \/>\n<link rel=\"canonical\" href=\"https:\/\/www.rosacel.pt\/pt\/politica-de-cookies\/\" \/>\n<meta property=\"og:locale\" content=\"pt_PT\" \/>\n<meta property=\"og:type\" content=\"article\" \/>\n<meta property=\"og:title\" content=\"Pol\u00edtica de Cookies\" \/>\n<meta property=\"og:description\" content=\"Politica de Cookies \u00e9 a pagina onde tem toda a informa\u00e7\u00e3o acerca dos cookies usados pelo website da Rosacel.\" \/>\n<meta property=\"og:url\" content=\"https:\/\/www.rosacel.pt\/pt\/politica-de-cookies\/\" \/>\n<meta property=\"og:site_name\" content=\"Rosacel\" \/>\n<meta property=\"article:publisher\" content=\"https:\/\/pt-pt.facebook.com\/rosacelhometextiles\/\" \/>\n<meta property=\"article:modified_time\" content=\"2023-01-10T21:09:27+00:00\" \/>\n<meta property=\"og:image\" content=\"https:\/\/www.rosacel.pt\/wp-content\/uploads\/2022\/03\/logo-rosacel-1.png\" \/>\n\t<meta property=\"og:image:width\" content=\"1300\" \/>\n\t<meta property=\"og:image:height\" content=\"315\" \/>\n\t<meta property=\"og:image:type\" content=\"image\/png\" \/>\n<meta name=\"twitter:card\" content=\"summary_large_image\" \/>\n<meta name=\"twitter:label1\" content=\"Tempo estimado de leitura\" \/>\n\t<meta name=\"twitter:data1\" content=\"5 minutos\" \/>\n<script type=\"application\/ld+json\" class=\"yoast-schema-graph\">{\"@context\":\"https:\/\/schema.org\",\"@graph\":[{\"@type\":\"WebPage\",\"@id\":\"https:\/\/www.rosacel.pt\/en\/politica-de-cookies\/\",\"url\":\"https:\/\/www.rosacel.pt\/en\/politica-de-cookies\/\",\"name\":\"Pol\u00edtica de Cookies - Rosacel\",\"isPartOf\":{\"@id\":\"http:\/\/www.rosacel.pt\/en\/#website\"},\"datePublished\":\"2022-06-03T09:32:29+00:00\",\"dateModified\":\"2023-01-10T21:09:27+00:00\",\"description\":\"Politica de Cookies \u00e9 a pagina onde tem toda a informa\u00e7\u00e3o acerca dos cookies usados pelo website da Rosacel.\",\"breadcrumb\":{\"@id\":\"https:\/\/www.rosacel.pt\/en\/politica-de-cookies\/#breadcrumb\"},\"inLanguage\":\"pt-PT\",\"potentialAction\":[{\"@type\":\"ReadAction\",\"target\":[\"https:\/\/www.rosacel.pt\/en\/politica-de-cookies\/\"]}]},{\"@type\":\"BreadcrumbList\",\"@id\":\"https:\/\/www.rosacel.pt\/en\/politica-de-cookies\/#breadcrumb\",\"itemListElement\":[{\"@type\":\"ListItem\",\"position\":1,\"name\":\"Home\",\"item\":\"https:\/\/www.rosacel.pt\/\"},{\"@type\":\"ListItem\",\"position\":2,\"name\":\"Pol\u00edtica de Cookies\"}]},{\"@type\":\"WebSite\",\"@id\":\"http:\/\/www.rosacel.pt\/en\/#website\",\"url\":\"http:\/\/www.rosacel.pt\/en\/\",\"name\":\"Rosacel\",\"description\":\"bedspreads, duvet covers, table linen, throws and plaids producers\",\"publisher\":{\"@id\":\"http:\/\/www.rosacel.pt\/en\/#organization\"},\"potentialAction\":[{\"@type\":\"SearchAction\",\"target\":{\"@type\":\"EntryPoint\",\"urlTemplate\":\"http:\/\/www.rosacel.pt\/en\/?s={search_term_string}\"},\"query-input\":{\"@type\":\"PropertyValueSpecification\",\"valueRequired\":true,\"valueName\":\"search_term_string\"}}],\"inLanguage\":\"pt-PT\"},{\"@type\":\"Organization\",\"@id\":\"http:\/\/www.rosacel.pt\/en\/#organization\",\"name\":\"Rosacel - Home Textiles\",\"url\":\"http:\/\/www.rosacel.pt\/en\/\",\"logo\":{\"@type\":\"ImageObject\",\"inLanguage\":\"pt-PT\",\"@id\":\"http:\/\/www.rosacel.pt\/en\/#\/schema\/logo\/image\/\",\"url\":\"http:\/\/www.rosacel.pt\/wp-content\/uploads\/2022\/03\/logo-rosacel-1.png\",\"contentUrl\":\"http:\/\/www.rosacel.pt\/wp-content\/uploads\/2022\/03\/logo-rosacel-1.png\",\"width\":1300,\"height\":315,\"caption\":\"Rosacel - Home Textiles\"},\"image\":{\"@id\":\"http:\/\/www.rosacel.pt\/en\/#\/schema\/logo\/image\/\"},\"sameAs\":[\"https:\/\/pt-pt.facebook.com\/rosacelhometextiles\/\",\"https:\/\/www.instagram.com\/rosacel.hometextiles\/\",\"https:\/\/pt.linkedin.com\/company\/rosacel-home-textiles\"]}]}<\/script>\n<!-- \/ Yoast SEO Premium plugin. -->","yoast_head_json":{"title":"Pol\u00edtica de Cookies - Rosacel","description":"Politica de Cookies \u00e9 a pagina onde tem toda a informa\u00e7\u00e3o acerca dos cookies usados pelo website da Rosacel.","robots":{"index":"index","follow":"follow","max-snippet":"max-snippet:-1","max-image-preview":"max-image-preview:large","max-video-preview":"max-video-preview:-1"},"canonical":"https:\/\/www.rosacel.pt\/pt\/politica-de-cookies\/","og_locale":"pt_PT","og_type":"article","og_title":"Pol\u00edtica de Cookies","og_description":"Politica de Cookies \u00e9 a pagina onde tem toda a informa\u00e7\u00e3o acerca dos cookies usados pelo website da Rosacel.","og_url":"https:\/\/www.rosacel.pt\/pt\/politica-de-cookies\/","og_site_name":"Rosacel","article_publisher":"https:\/\/pt-pt.facebook.com\/rosacelhometextiles\/","article_modified_time":"2023-01-10T21:09:27+00:00","og_image":[{"width":1300,"height":315,"url":"https:\/\/www.rosacel.pt\/wp-content\/uploads\/2022\/03\/logo-rosacel-1.png","type":"image\/png"}],"twitter_card":"summary_large_image","twitter_misc":{"Tempo estimado de leitura":"5 minutos"},"schema":{"@context":"https:\/\/schema.org","@graph":[{"@type":"WebPage","@id":"https:\/\/www.rosacel.pt\/en\/politica-de-cookies\/","url":"https:\/\/www.rosacel.pt\/en\/politica-de-cookies\/","name":"Pol\u00edtica de Cookies - Rosacel","isPartOf":{"@id":"http:\/\/www.rosacel.pt\/en\/#website"},"datePublished":"2022-06-03T09:32:29+00:00","dateModified":"2023-01-10T21:09:27+00:00","description":"Politica de Cookies \u00e9 a pagina onde tem toda a informa\u00e7\u00e3o acerca dos cookies usados pelo website da Rosacel.","breadcrumb":{"@id":"https:\/\/www.rosacel.pt\/en\/politica-de-cookies\/#breadcrumb"},"inLanguage":"pt-PT","potentialAction":[{"@type":"ReadAction","target":["https:\/\/www.rosacel.pt\/en\/politica-de-cookies\/"]}]},{"@type":"BreadcrumbList","@id":"https:\/\/www.rosacel.pt\/en\/politica-de-cookies\/#breadcrumb","itemListElement":[{"@type":"ListItem","position":1,"name":"Home","item":"https:\/\/www.rosacel.pt\/"},{"@type":"ListItem","position":2,"name":"Pol\u00edtica de Cookies"}]},{"@type":"WebSite","@id":"http:\/\/www.rosacel.pt\/en\/#website","url":"http:\/\/www.rosacel.pt\/en\/","name":"Rosacel","description":"bedspreads, duvet covers, table linen, throws and plaids producers","publisher":{"@id":"http:\/\/www.rosacel.pt\/en\/#organization"},"potentialAction":[{"@type":"SearchAction","target":{"@type":"EntryPoint","urlTemplate":"http:\/\/www.rosacel.pt\/en\/?s={search_term_string}"},"query-input":{"@type":"PropertyValueSpecification","valueRequired":true,"valueName":"search_term_string"}}],"inLanguage":"pt-PT"},{"@type":"Organization","@id":"http:\/\/www.rosacel.pt\/en\/#organization","name":"Rosacel - Home Textiles","url":"http:\/\/www.rosacel.pt\/en\/","logo":{"@type":"ImageObject","inLanguage":"pt-PT","@id":"http:\/\/www.rosacel.pt\/en\/#\/schema\/logo\/image\/","url":"http:\/\/www.rosacel.pt\/wp-content\/uploads\/2022\/03\/logo-rosacel-1.png","contentUrl":"http:\/\/www.rosacel.pt\/wp-content\/uploads\/2022\/03\/logo-rosacel-1.png","width":1300,"height":315,"caption":"Rosacel - Home Textiles"},"image":{"@id":"http:\/\/www.rosacel.pt\/en\/#\/schema\/logo\/image\/"},"sameAs":["https:\/\/pt-pt.facebook.com\/rosacelhometextiles\/","https:\/\/www.instagram.com\/rosacel.hometextiles\/","https:\/\/pt.linkedin.com\/company\/rosacel-home-textiles"]}]}},"_links":{"self":[{"href":"http:\/\/www.rosacel.pt\/pt\/wp-json\/wp\/v2\/pages\/6183","targetHints":{"allow":["GET"]}}],"collection":[{"href":"http:\/\/www.rosacel.pt\/pt\/wp-json\/wp\/v2\/pages"}],"about":[{"href":"http:\/\/www.rosacel.pt\/pt\/wp-json\/wp\/v2\/types\/page"}],"author":[{"embeddable":true,"href":"http:\/\/www.rosacel.pt\/pt\/wp-json\/wp\/v2\/users\/1"}],"replies":[{"embeddable":true,"href":"http:\/\/www.rosacel.pt\/pt\/wp-json\/wp\/v2\/comments?post=6183"}],"version-history":[{"count":0,"href":"http:\/\/www.rosacel.pt\/pt\/wp-json\/wp\/v2\/pages\/6183\/revisions"}],"wp:attachment":[{"href":"http:\/\/www.rosacel.pt\/pt\/wp-json\/wp\/v2\/media?parent=6183"}],"curies":[{"name":"wp","href":"https:\/\/api.w.org\/{rel}","templated":true}]}}