{"id":6176,"date":"2022-06-03T10:23:56","date_gmt":"2022-06-03T09:23:56","guid":{"rendered":"http:\/\/www.rosacel.pt\/?page_id=6176"},"modified":"2022-11-25T12:15:41","modified_gmt":"2022-11-25T12:15:41","slug":"aviso-legal","status":"publish","type":"page","link":"http:\/\/www.rosacel.pt\/pt\/aviso-legal\/","title":{"rendered":"Aviso Legal"},"content":{"rendered":"\t\t<div data-elementor-type=\"wp-page\" data-elementor-id=\"6176\" class=\"elementor elementor-6176\" data-elementor-post-type=\"page\">\n\t\t\t\t\t\t<section class=\"elementor-section elementor-top-section elementor-element elementor-element-fa96cb7 elementor-section-boxed elementor-section-height-default elementor-section-height-default qodef-elementor-content-no\" data-id=\"fa96cb7\" data-element_type=\"section\">\n\t\t\t\t\t\t<div class=\"elementor-container elementor-column-gap-default\">\n\t\t\t\t\t<div class=\"elementor-column elementor-col-100 elementor-top-column elementor-element elementor-element-baaf8f9\" data-id=\"baaf8f9\" data-element_type=\"column\">\n\t\t\t<div class=\"elementor-widget-wrap elementor-element-populated\">\n\t\t\t\t\t\t<div class=\"elementor-element elementor-element-31db7ce elementor-widget elementor-widget-text-editor\" data-id=\"31db7ce\" data-element_type=\"widget\" data-widget_type=\"text-editor.default\">\n\t\t\t\t<div class=\"elementor-widget-container\">\n\t\t\t\t\t\t\t\t\t<p>Ao aceder e consultar este site concorda sem restri\u00e7\u00f5es com as seguintes condi\u00e7\u00f5es de uso:<br \/><br \/>Todo o conte\u00fado deste site da Internet \u00e9 propriedade ou \u00e9 controlado pela empresa <strong>Rosacel T\u00eaxteis Unipessoal Lda<\/strong>. e est\u00e1 protegido pelas leis internacionais do copyright. Pode fazer download do conte\u00fado apenas para uso pessoal para fins n\u00e3o comerciais, mas n\u00e3o s\u00e3o permitidas a modifica\u00e7\u00e3o ou posterior reprodu\u00e7\u00e3o do conte\u00fado. De outro modo, o conte\u00fado n\u00e3o pode ser copiado ou usado de qualquer forma.<br \/><br \/>Os propriet\u00e1rios deste site far\u00e3o os poss\u00edveis para incluir informa\u00e7\u00e3o atualizada e exata neste site da Internet, mas n\u00e3o apresentam declara\u00e7\u00f5es, garantias ou certezas quanto \u00e0 exatid\u00e3o, aceita\u00e7\u00e3o, ou integridade da informa\u00e7\u00e3o disponibilizada.<br \/><br \/>Os propriet\u00e1rios deste site n\u00e3o poder\u00e3o ser responsabilizados por quaisquer danos ou preju\u00edzos resultantes do seu acesso, ou incapacidade de acesso, a este site da Internet, ou da sua depend\u00eancia em rela\u00e7\u00e3o a qualquer informa\u00e7\u00e3o fornecida neste site da Internet.<br \/><br \/>Este site da Internet pode apresentar links ou refer\u00eancias a outros sites, mas os propriet\u00e1rios deste site n\u00e3o t\u00eam qualquer responsabilidade pelo conte\u00fado de sites de Terceiros e n\u00e3o poder\u00e3o ser responsabilizados por quaisquer danos ou preju\u00edzos resultantes desses conte\u00fados. Quaisquer links para outros sites s\u00e3o apresentados meramente como uma comodidade para os utilizadores deste site da Internet. Qualquer informa\u00e7\u00e3o pessoal identific\u00e1vel em comunica\u00e7\u00f5es eletr\u00f3nicas para este site \u00e9 regulada pela\u00a0<strong>Pol\u00edtica de Privacidade<\/strong>\u00a0do mesmo.<br \/><br \/>Os propriet\u00e1rios deste site ser\u00e3o livres de usar ou copiar todas as outras informa\u00e7\u00f5es em tais comunica\u00e7\u00f5es, incluindo quaisquer ideias, inven\u00e7\u00f5es, conceitos, t\u00e9cnicas ou conhecimentos ali divulgados, para quaisquer fins. Tais fins podem incluir a divulga\u00e7\u00e3o a terceiros e\/ ou o desenvolvimento, fabrico e\/ ou a comercializa\u00e7\u00e3o de bens e servi\u00e7os.<br \/><br \/>O remetente de quaisquer comunica\u00e7\u00f5es para este site da Internet ou, de outro modo, para os propriet\u00e1rios deste site ser\u00e1 respons\u00e1vel pelo conte\u00fado e informa\u00e7\u00f5es ali contidas, incluindo a sua autenticidade e exatid\u00e3o.<br \/><br \/>O conte\u00fado deste site destina-se a ser um servi\u00e7o para os seus visitantes.<br \/><br \/>Em qualquer altura o propriet\u00e1rio ser\u00e1 livre de corrigir este site sem aviso pr\u00e9vio.<\/p>\t\t\t\t\t\t\t\t<\/div>\n\t\t\t\t<\/div>\n\t\t\t\t\t<\/div>\n\t\t<\/div>\n\t\t\t\t\t<\/div>\n\t\t<\/section>\n\t\t\t\t<\/div>\n\t\t","protected":false},"excerpt":{"rendered":"<p>Ao aceder e consultar este site concorda sem restri\u00e7\u00f5es com as seguintes condi\u00e7\u00f5es de uso: Todo o conte\u00fado deste site da Internet \u00e9 propriedade ou \u00e9 controlado pela empresa Rosacel T\u00eaxteis Unipessoal Lda. e est\u00e1 protegido pelas leis internacionais do copyright. Pode fazer download do conte\u00fado apenas para uso pessoal para fins n\u00e3o comerciais, mas [&hellip;]<\/p>\n","protected":false},"author":1,"featured_media":0,"parent":0,"menu_order":7,"comment_status":"closed","ping_status":"closed","template":"page-full-width.php","meta":{"footnotes":""},"class_list":["post-6176","page","type-page","status-publish","hentry"],"yoast_head":"<!-- This site is optimized with the Yoast SEO Premium plugin v19.2.1 (Yoast SEO v25.6) - https:\/\/yoast.com\/wordpress\/plugins\/seo\/ -->\n<title>Aviso Legal - Rosacel<\/title>\n<meta name=\"description\" content=\"Todo o conte\u00fado deste site da Internet \u00e9 propriedade ou \u00e9 controlado pela empresa Rosacel T\u00eaxteis Unipessoal Lda.\" \/>\n<meta name=\"robots\" content=\"index, follow, max-snippet:-1, max-image-preview:large, max-video-preview:-1\" \/>\n<link rel=\"canonical\" href=\"http:\/\/www.rosacel.pt\/pt\/aviso-legal\/\" \/>\n<meta property=\"og:locale\" content=\"pt_PT\" \/>\n<meta property=\"og:type\" content=\"article\" \/>\n<meta property=\"og:title\" content=\"Aviso Legal\" \/>\n<meta property=\"og:description\" content=\"Todo o conte\u00fado deste site da Internet \u00e9 propriedade ou \u00e9 controlado pela empresa Rosacel T\u00eaxteis Unipessoal Lda.\" \/>\n<meta property=\"og:url\" content=\"http:\/\/www.rosacel.pt\/pt\/aviso-legal\/\" \/>\n<meta property=\"og:site_name\" content=\"Rosacel\" \/>\n<meta property=\"article:publisher\" content=\"https:\/\/pt-pt.facebook.com\/rosacelhometextiles\/\" \/>\n<meta property=\"article:modified_time\" content=\"2022-11-25T12:15:41+00:00\" \/>\n<meta property=\"og:image\" content=\"https:\/\/www.rosacel.pt\/wp-content\/uploads\/2022\/03\/logo-rosacel-1.png\" \/>\n\t<meta property=\"og:image:width\" content=\"1300\" \/>\n\t<meta property=\"og:image:height\" content=\"315\" \/>\n\t<meta property=\"og:image:type\" content=\"image\/png\" \/>\n<meta name=\"twitter:card\" content=\"summary_large_image\" \/>\n<meta name=\"twitter:label1\" content=\"Tempo estimado de leitura\" \/>\n\t<meta name=\"twitter:data1\" content=\"2 minutos\" \/>\n<script type=\"application\/ld+json\" class=\"yoast-schema-graph\">{\"@context\":\"https:\/\/schema.org\",\"@graph\":[{\"@type\":\"WebPage\",\"@id\":\"https:\/\/www.rosacel.pt\/aviso-legal\/\",\"url\":\"https:\/\/www.rosacel.pt\/aviso-legal\/\",\"name\":\"Aviso Legal - Rosacel\",\"isPartOf\":{\"@id\":\"http:\/\/www.rosacel.pt\/en\/#website\"},\"datePublished\":\"2022-06-03T09:23:56+00:00\",\"dateModified\":\"2022-11-25T12:15:41+00:00\",\"description\":\"Todo o conte\u00fado deste site da Internet \u00e9 propriedade ou \u00e9 controlado pela empresa Rosacel T\u00eaxteis Unipessoal Lda.\",\"breadcrumb\":{\"@id\":\"https:\/\/www.rosacel.pt\/aviso-legal\/#breadcrumb\"},\"inLanguage\":\"pt-PT\",\"potentialAction\":[{\"@type\":\"ReadAction\",\"target\":[\"https:\/\/www.rosacel.pt\/aviso-legal\/\"]}]},{\"@type\":\"BreadcrumbList\",\"@id\":\"https:\/\/www.rosacel.pt\/aviso-legal\/#breadcrumb\",\"itemListElement\":[{\"@type\":\"ListItem\",\"position\":1,\"name\":\"Home\",\"item\":\"https:\/\/www.rosacel.pt\/\"},{\"@type\":\"ListItem\",\"position\":2,\"name\":\"Aviso Legal\"}]},{\"@type\":\"WebSite\",\"@id\":\"http:\/\/www.rosacel.pt\/en\/#website\",\"url\":\"http:\/\/www.rosacel.pt\/en\/\",\"name\":\"Rosacel\",\"description\":\"bedspreads, duvet covers, table linen, throws and plaids producers\",\"publisher\":{\"@id\":\"http:\/\/www.rosacel.pt\/en\/#organization\"},\"potentialAction\":[{\"@type\":\"SearchAction\",\"target\":{\"@type\":\"EntryPoint\",\"urlTemplate\":\"http:\/\/www.rosacel.pt\/en\/?s={search_term_string}\"},\"query-input\":{\"@type\":\"PropertyValueSpecification\",\"valueRequired\":true,\"valueName\":\"search_term_string\"}}],\"inLanguage\":\"pt-PT\"},{\"@type\":\"Organization\",\"@id\":\"http:\/\/www.rosacel.pt\/en\/#organization\",\"name\":\"Rosacel - Home Textiles\",\"url\":\"http:\/\/www.rosacel.pt\/en\/\",\"logo\":{\"@type\":\"ImageObject\",\"inLanguage\":\"pt-PT\",\"@id\":\"http:\/\/www.rosacel.pt\/en\/#\/schema\/logo\/image\/\",\"url\":\"http:\/\/www.rosacel.pt\/wp-content\/uploads\/2022\/03\/logo-rosacel-1.png\",\"contentUrl\":\"http:\/\/www.rosacel.pt\/wp-content\/uploads\/2022\/03\/logo-rosacel-1.png\",\"width\":1300,\"height\":315,\"caption\":\"Rosacel - Home Textiles\"},\"image\":{\"@id\":\"http:\/\/www.rosacel.pt\/en\/#\/schema\/logo\/image\/\"},\"sameAs\":[\"https:\/\/pt-pt.facebook.com\/rosacelhometextiles\/\",\"https:\/\/www.instagram.com\/rosacel.hometextiles\/\",\"https:\/\/pt.linkedin.com\/company\/rosacel-home-textiles\"]}]}<\/script>\n<!-- \/ Yoast SEO Premium plugin. -->","yoast_head_json":{"title":"Aviso Legal - Rosacel","description":"Todo o conte\u00fado deste site da Internet \u00e9 propriedade ou \u00e9 controlado pela empresa Rosacel T\u00eaxteis Unipessoal Lda.","robots":{"index":"index","follow":"follow","max-snippet":"max-snippet:-1","max-image-preview":"max-image-preview:large","max-video-preview":"max-video-preview:-1"},"canonical":"http:\/\/www.rosacel.pt\/pt\/aviso-legal\/","og_locale":"pt_PT","og_type":"article","og_title":"Aviso Legal","og_description":"Todo o conte\u00fado deste site da Internet \u00e9 propriedade ou \u00e9 controlado pela empresa Rosacel T\u00eaxteis Unipessoal Lda.","og_url":"http:\/\/www.rosacel.pt\/pt\/aviso-legal\/","og_site_name":"Rosacel","article_publisher":"https:\/\/pt-pt.facebook.com\/rosacelhometextiles\/","article_modified_time":"2022-11-25T12:15:41+00:00","og_image":[{"width":1300,"height":315,"url":"https:\/\/www.rosacel.pt\/wp-content\/uploads\/2022\/03\/logo-rosacel-1.png","type":"image\/png"}],"twitter_card":"summary_large_image","twitter_misc":{"Tempo estimado de leitura":"2 minutos"},"schema":{"@context":"https:\/\/schema.org","@graph":[{"@type":"WebPage","@id":"https:\/\/www.rosacel.pt\/aviso-legal\/","url":"https:\/\/www.rosacel.pt\/aviso-legal\/","name":"Aviso Legal - Rosacel","isPartOf":{"@id":"http:\/\/www.rosacel.pt\/en\/#website"},"datePublished":"2022-06-03T09:23:56+00:00","dateModified":"2022-11-25T12:15:41+00:00","description":"Todo o conte\u00fado deste site da Internet \u00e9 propriedade ou \u00e9 controlado pela empresa Rosacel T\u00eaxteis Unipessoal Lda.","breadcrumb":{"@id":"https:\/\/www.rosacel.pt\/aviso-legal\/#breadcrumb"},"inLanguage":"pt-PT","potentialAction":[{"@type":"ReadAction","target":["https:\/\/www.rosacel.pt\/aviso-legal\/"]}]},{"@type":"BreadcrumbList","@id":"https:\/\/www.rosacel.pt\/aviso-legal\/#breadcrumb","itemListElement":[{"@type":"ListItem","position":1,"name":"Home","item":"https:\/\/www.rosacel.pt\/"},{"@type":"ListItem","position":2,"name":"Aviso Legal"}]},{"@type":"WebSite","@id":"http:\/\/www.rosacel.pt\/en\/#website","url":"http:\/\/www.rosacel.pt\/en\/","name":"Rosacel","description":"bedspreads, duvet covers, table linen, throws and plaids producers","publisher":{"@id":"http:\/\/www.rosacel.pt\/en\/#organization"},"potentialAction":[{"@type":"SearchAction","target":{"@type":"EntryPoint","urlTemplate":"http:\/\/www.rosacel.pt\/en\/?s={search_term_string}"},"query-input":{"@type":"PropertyValueSpecification","valueRequired":true,"valueName":"search_term_string"}}],"inLanguage":"pt-PT"},{"@type":"Organization","@id":"http:\/\/www.rosacel.pt\/en\/#organization","name":"Rosacel - Home Textiles","url":"http:\/\/www.rosacel.pt\/en\/","logo":{"@type":"ImageObject","inLanguage":"pt-PT","@id":"http:\/\/www.rosacel.pt\/en\/#\/schema\/logo\/image\/","url":"http:\/\/www.rosacel.pt\/wp-content\/uploads\/2022\/03\/logo-rosacel-1.png","contentUrl":"http:\/\/www.rosacel.pt\/wp-content\/uploads\/2022\/03\/logo-rosacel-1.png","width":1300,"height":315,"caption":"Rosacel - Home Textiles"},"image":{"@id":"http:\/\/www.rosacel.pt\/en\/#\/schema\/logo\/image\/"},"sameAs":["https:\/\/pt-pt.facebook.com\/rosacelhometextiles\/","https:\/\/www.instagram.com\/rosacel.hometextiles\/","https:\/\/pt.linkedin.com\/company\/rosacel-home-textiles"]}]}},"_links":{"self":[{"href":"http:\/\/www.rosacel.pt\/pt\/wp-json\/wp\/v2\/pages\/6176","targetHints":{"allow":["GET"]}}],"collection":[{"href":"http:\/\/www.rosacel.pt\/pt\/wp-json\/wp\/v2\/pages"}],"about":[{"href":"http:\/\/www.rosacel.pt\/pt\/wp-json\/wp\/v2\/types\/page"}],"author":[{"embeddable":true,"href":"http:\/\/www.rosacel.pt\/pt\/wp-json\/wp\/v2\/users\/1"}],"replies":[{"embeddable":true,"href":"http:\/\/www.rosacel.pt\/pt\/wp-json\/wp\/v2\/comments?post=6176"}],"version-history":[{"count":0,"href":"http:\/\/www.rosacel.pt\/pt\/wp-json\/wp\/v2\/pages\/6176\/revisions"}],"wp:attachment":[{"href":"http:\/\/www.rosacel.pt\/pt\/wp-json\/wp\/v2\/media?parent=6176"}],"curies":[{"name":"wp","href":"https:\/\/api.w.org\/{rel}","templated":true}]}}