{"id":6183,"date":"2022-06-03T10:32:29","date_gmt":"2022-06-03T09:32:29","guid":{"rendered":"http:\/\/www.rosacel.pt\/?page_id=6183"},"modified":"2023-01-10T21:09:27","modified_gmt":"2023-01-10T21:09:27","slug":"politica-de-cookies","status":"publish","type":"page","link":"http:\/\/www.rosacel.pt\/en\/politica-de-cookies\/","title":{"rendered":"Cookies Policy"},"content":{"rendered":"<div data-elementor-type=\"wp-page\" data-elementor-id=\"6183\" class=\"elementor elementor-6183\" data-elementor-post-type=\"page\">\n\t\t\t\t\t\t<section class=\"elementor-section elementor-top-section elementor-element elementor-element-b80efae elementor-section-boxed elementor-section-height-default elementor-section-height-default qodef-elementor-content-no\" data-id=\"b80efae\" data-element_type=\"section\">\n\t\t\t\t\t\t<div class=\"elementor-container elementor-column-gap-default\">\n\t\t\t\t\t<div class=\"elementor-column elementor-col-100 elementor-top-column elementor-element elementor-element-aefb99d\" data-id=\"aefb99d\" data-element_type=\"column\">\n\t\t\t<div class=\"elementor-widget-wrap elementor-element-populated\">\n\t\t\t\t\t\t<div class=\"elementor-element elementor-element-57b2688 elementor-widget elementor-widget-text-editor\" data-id=\"57b2688\" data-element_type=\"widget\" data-widget_type=\"text-editor.default\">\n\t\t\t\t<div class=\"elementor-widget-container\">\n\t\t\t\t\t\t\t\t\t<p>This website uses&nbsp;<em>cookies<\/em>&nbsp;to improve their service.<\/p>\n<p><strong>1. What are&nbsp;<em>cookies<\/em><\/strong>?<br>The&nbsp;<em>cookies<\/em>&nbsp;are small text files that a&nbsp;<em>website<\/em>when visited by the user, is placed on his computer or mobile device through the internet browser. The placement of&nbsp;<em>cookies<\/em>&nbsp;will help the&nbsp;<em>site<\/em>&nbsp;to recognise your device the next time you visit.&nbsp;<\/p>\n<p>We use the term&nbsp;<em>cookies<\/em>&nbsp;nesta pol\u00edtica para referir todos os ficheiros que recolhem informa\u00e7\u00f5es desta forma.&nbsp;.Alguns cookies s\u00e3o essenciais para garantir as funcionalidades disponibilizadas, enquanto outros s\u00e3o destinadas a melhorar o desempenho e a experi\u00eancia do utilizador.&nbsp;N\u00e3o dever\u00e1 continuar a aceder ao nosso&nbsp;<em>website<\/em>&nbsp;after the cookie alert if you do not agree to their use.<\/p>\n<p><strong>What kind of<em>cookies<\/em>&nbsp;we use<\/strong>?&nbsp;<\/p>\n<table width=\"596\">\n<thead>\n<tr>\n<td width=\"191\">\n<p><strong>ORIGIN<\/strong><\/p>\n<\/td>\n<td width=\"191\">\n<p><strong>NAME COOKIE<\/strong><\/p>\n<\/td>\n<td width=\"382\">\n<p><strong>PURPOSE<\/strong><\/p>\n<\/td>\n<td width=\"191\">\n<p><strong>EXPIRE<\/strong><\/p>\n<\/td>\n<\/tr>\n<\/thead>\n<tbody>\n<tr>\n<td rowspan=\"2\" width=\"191\">\n<p>ROSACEL<\/p>\n<\/td>\n<td width=\"191\">\n<p>PHPSESSID<\/p>\n<\/td>\n<td width=\"382\">\n<p>It is used by the PHP language to allow session variables to be stored on the web server. This cookie is essential for the website to function.<\/p>\n<\/td>\n<td width=\"191\">\n<p>When the browser is closed<\/p>\n<\/td>\n<\/tr>\n<tr>\n<td width=\"191\">\n<p>allowCookies<\/p>\n<\/td>\n<td width=\"382\">\n<p>Used to monitor user acceptance of the site's cookie policy<\/p>\n<\/td>\n<td width=\"191\">\n<p>After 1 year<\/p>\n<\/td>\n<\/tr>\n<tr>\n<td width=\"191\">\n<p>AddThis<\/p>\n<\/td>\n<td width=\"191\">\n<p>__atuvc<\/p>\n<\/td>\n<td width=\"382\">\n<p>Created and read by AddThis, a JavaScript site for sharing on social networks. Stores the number of shares of a page.<\/p>\n<\/td>\n<td width=\"191\">\n<p>After 2 years<\/p>\n<\/td>\n<\/tr>\n<tr>\n<td rowspan=\"4\" width=\"191\">\n<p>Google<br>(<a href=\"https:\/\/developers.google.com\/analytics\/devguides\/collection\/gtagjs\/cookie-usage\"><strong>Know more<\/strong><\/a>)<\/p>\n<\/td>\n<td width=\"191\">\n<p>_ga<\/p>\n<\/td>\n<td width=\"382\">\n<p>Used to distinguish between users.<\/p>\n<\/td>\n<td width=\"191\">\n<p>After 2 years<\/p>\n<\/td>\n<\/tr>\n<tr>\n<td width=\"191\">\n<p>_gat<\/p>\n<\/td>\n<td width=\"382\">\n<p>Used to speed up the percentage of requests.<\/p>\n<\/td>\n<td width=\"191\">\n<p>After 1 minute<\/p>\n<\/td>\n<\/tr>\n<tr>\n<td width=\"191\">\n<p>gat_gtag_UA<\/p>\n<\/td>\n<td width=\"382\">\n<p>Contains information related to campaigns for the user. When you link your Google Analytics and Google AdWords accounts, Google AdWords website conversion tags will analyse this cookie unless it is inactive.<\/p>\n<\/td>\n<td width=\"191\">\n<p>After 1 minute<\/p>\n<\/td>\n<\/tr>\n<tr>\n<td width=\"191\">\n<p>gid<\/p>\n<\/td>\n<td width=\"382\">\n<p>Used to distinguish between users.<\/p>\n<\/td>\n<td width=\"191\">\n<p>After 1 day<\/p>\n<\/td>\n<\/tr>\n<\/tbody>\n<\/table>\n<ol start=\"2\">\n<li>\n<p><strong> Accept\/reject cookies<\/strong><br>You may at any time choose to accept or decline the installation of&nbsp;<em>cookies&nbsp;<\/em>on your terminal, configuring the navigation software.&nbsp;<\/p>\n<p><strong>2.1 If you accept cookies<\/strong>&nbsp;<br>Registering a cookie on your terminal is at your discretion. At any time, you can express and modify your choice free of charge via the options provided by your browser software.&nbsp;<\/p>\n<p>If you have agreed to cookies being saved on your device in the browser software that you use, the cookies embedded in the pages and content that you consult may be temporarily stored in a specific space on your device. In this space, they will only be readable by their issuer.&nbsp;<\/p>\n<p><strong>2.2 What is the point of accepting cookies?&nbsp;<\/strong><br>When to visit website <a href=\"http:\/\/www.rosacel.pt\/en\/\">www.rosacel.pt<\/a>these cookies record certain information that is stored on your terminal. This information is used, in particular, to offer you products based on the items you have already selected during your previous visits, and thus allow you to benefit from better browsing on our website.&nbsp;<\/p>\n<p><strong>2.3 If you refuse&nbsp;<em>cookies&nbsp;<\/em><\/strong><br>When refusing&nbsp;<em>cookies,<\/em>&nbsp;we have however installed a&nbsp;<em>cookie<\/em>&nbsp;from&nbsp;<em>\"refusal<\/em>\". This&nbsp;<em>cookie&nbsp;<\/em>allows us to remember your choice so that we do not have to ask you at each visit whether you wish to accept or decline cookies.<\/p>\n<p><strong>2.4 Configuration of your browser<\/strong><br>The configuration of the management of cookies depends on each browser and is present in the help menu of your browser.<\/p>\n<p><strong>In Internet Explorer<\/strong><br>To customise the cookie settings for a webpage<br>In Internet Explorer, click on the Tools button and then Internet Options.<br>Click the Privacy tab, and then click Sites.<br>In the Website Address space, enter the full address (URL) of the webpage whose privacy settings you want to customise.&nbsp;<br>For example, http:\/\/www.microsoft.com.<br>To allow cookies from the specified webpage to be registered on your computer, click Allow. To prohibit cookies from logging the specified webpage to your computer, click Block.<br>Repeat steps 3 and 4 for each webpage you want to block or allow. When done, click OK twice.<\/p>\n<p><strong>In Safari<\/strong><br>Go to Preferences, click on the Privacy panel and then Manage Cookies.<\/p>\n<p><strong>In Chrome<\/strong><br>Click on the Chrome menu which is situated on the browser toolbar.<br>Select Settings.<br>Click on Show advanced settings.<br>In the \"Privacy\" section, click on the Content settings button.<br>In the \"Cookies\" section you can modify the following settings:<br>Delete cookies&nbsp;<br>Block cookies by default&nbsp;<br>Allow cookies by default<br>Make exceptions for cookies from specific websites or domains.<\/p>\n<p><strong>In Firefox<\/strong><br>Click on the Tools button and then on Options.<br>Click the Privacy tab.<br>In History, select \"Use custom settings for history.<br>Tick the \"accept cookies\" box and click on exceptions to choose the websites that will or will not be allowed to install cookies on your terminal.<\/p>\n<p><strong>In Opera<\/strong><br>Preferences &gt; Advanced &gt; Cookies&nbsp;<br>Cookie preferences allow you to control how Opera manages cookies. The default setting is to accept all cookies.<br>Accept cookies&nbsp;<br>- All cookies are accepted (by default)<br>Accept cookies only from the site I visit&nbsp;<br>- Third-party cookies from a domain outside the one you are visiting will be refused<br>Never accept cookies&nbsp;<br>- All cookies will be rejected<\/p>\n<p><strong>3. Legal Notification Update<\/strong><br>The <strong>Rosacel T\u00eaxteis Unipessoal, Lda<\/strong> reserves the right to make any changes or corrections to this cookie notice. Please check this page regularly to review the information and see if there are any updates.<\/p>\n<p>Esta notifica\u00e7\u00e3o foi atualizada em 02 de janeiro de 2023.<\/p><\/li>\n<\/ol>\t\t\t\t\t\t\t\t<\/div>\n\t\t\t\t<\/div>\n\t\t\t\t\t<\/div>\n\t\t<\/div>\n\t\t\t\t\t<\/div>\n\t\t<\/section>\n\t\t\t\t<\/div>","protected":false},"excerpt":{"rendered":"<p>Este website utiliza&nbsp;cookies&nbsp;para melhorar o seu servi\u00e7o. 1. O que s\u00e3o&nbsp;cookies?Os&nbsp;cookies&nbsp;s\u00e3o pequenos ficheiros de texto que um&nbsp;website, ao ser visitado pelo utilizador, coloca no seu computador ou no seu dispositivo m\u00f3vel atrav\u00e9s do navegador de internet (browser). A coloca\u00e7\u00e3o de&nbsp;cookies&nbsp;ajudar\u00e1 o&nbsp;site&nbsp;a reconhecer o seu dispositivo na pr\u00f3xima vez que o utilizador o visita.&nbsp; Usamos o [&hellip;]<\/p>","protected":false},"author":1,"featured_media":0,"parent":0,"menu_order":6,"comment_status":"closed","ping_status":"closed","template":"page-full-width.php","meta":{"footnotes":""},"class_list":["post-6183","page","type-page","status-publish","hentry"],"yoast_head":"<!-- This site is optimized with the Yoast SEO Premium plugin v19.2.1 (Yoast SEO v25.6) - https:\/\/yoast.com\/wordpress\/plugins\/seo\/ -->\n<title>Pol\u00edtica de Cookies - Rosacel<\/title>\n<meta name=\"description\" content=\"Politica de Cookies \u00e9 a pagina onde tem toda a informa\u00e7\u00e3o acerca dos cookies usados pelo website da Rosacel.\" \/>\n<meta name=\"robots\" content=\"index, follow, max-snippet:-1, max-image-preview:large, max-video-preview:-1\" \/>\n<link rel=\"canonical\" href=\"http:\/\/www.rosacel.pt\/en\/politica-de-cookies\/\" \/>\n<meta property=\"og:locale\" content=\"en_US\" \/>\n<meta property=\"og:type\" content=\"article\" \/>\n<meta property=\"og:title\" content=\"Pol\u00edtica de Cookies\" \/>\n<meta property=\"og:description\" content=\"Politica de Cookies \u00e9 a pagina onde tem toda a informa\u00e7\u00e3o acerca dos cookies usados pelo website da Rosacel.\" \/>\n<meta property=\"og:url\" content=\"http:\/\/www.rosacel.pt\/en\/politica-de-cookies\/\" \/>\n<meta property=\"og:site_name\" content=\"Rosacel\" \/>\n<meta property=\"article:publisher\" content=\"https:\/\/pt-pt.facebook.com\/rosacelhometextiles\/\" \/>\n<meta property=\"article:modified_time\" content=\"2023-01-10T21:09:27+00:00\" \/>\n<meta property=\"og:image\" content=\"https:\/\/www.rosacel.pt\/wp-content\/uploads\/2022\/03\/logo-rosacel-1.png\" \/>\n\t<meta property=\"og:image:width\" content=\"1300\" \/>\n\t<meta property=\"og:image:height\" content=\"315\" \/>\n\t<meta property=\"og:image:type\" content=\"image\/png\" \/>\n<meta name=\"twitter:card\" content=\"summary_large_image\" \/>\n<meta name=\"twitter:label1\" content=\"Est. reading time\" \/>\n\t<meta name=\"twitter:data1\" content=\"5 minutes\" \/>\n<script type=\"application\/ld+json\" class=\"yoast-schema-graph\">{\"@context\":\"https:\/\/schema.org\",\"@graph\":[{\"@type\":\"WebPage\",\"@id\":\"https:\/\/www.rosacel.pt\/en\/politica-de-cookies\/\",\"url\":\"https:\/\/www.rosacel.pt\/en\/politica-de-cookies\/\",\"name\":\"Pol\u00edtica de Cookies - Rosacel\",\"isPartOf\":{\"@id\":\"http:\/\/www.rosacel.pt\/en\/#website\"},\"datePublished\":\"2022-06-03T09:32:29+00:00\",\"dateModified\":\"2023-01-10T21:09:27+00:00\",\"description\":\"Politica de Cookies \u00e9 a pagina onde tem toda a informa\u00e7\u00e3o acerca dos cookies usados pelo website da Rosacel.\",\"breadcrumb\":{\"@id\":\"https:\/\/www.rosacel.pt\/en\/politica-de-cookies\/#breadcrumb\"},\"inLanguage\":\"en-US\",\"potentialAction\":[{\"@type\":\"ReadAction\",\"target\":[\"https:\/\/www.rosacel.pt\/en\/politica-de-cookies\/\"]}]},{\"@type\":\"BreadcrumbList\",\"@id\":\"https:\/\/www.rosacel.pt\/en\/politica-de-cookies\/#breadcrumb\",\"itemListElement\":[{\"@type\":\"ListItem\",\"position\":1,\"name\":\"Home\",\"item\":\"https:\/\/www.rosacel.pt\/\"},{\"@type\":\"ListItem\",\"position\":2,\"name\":\"Pol\u00edtica de Cookies\"}]},{\"@type\":\"WebSite\",\"@id\":\"http:\/\/www.rosacel.pt\/en\/#website\",\"url\":\"http:\/\/www.rosacel.pt\/en\/\",\"name\":\"Rosacel\",\"description\":\"bedspreads, duvet covers, table linen, throws and plaids producers\",\"publisher\":{\"@id\":\"http:\/\/www.rosacel.pt\/en\/#organization\"},\"potentialAction\":[{\"@type\":\"SearchAction\",\"target\":{\"@type\":\"EntryPoint\",\"urlTemplate\":\"http:\/\/www.rosacel.pt\/en\/?s={search_term_string}\"},\"query-input\":{\"@type\":\"PropertyValueSpecification\",\"valueRequired\":true,\"valueName\":\"search_term_string\"}}],\"inLanguage\":\"en-US\"},{\"@type\":\"Organization\",\"@id\":\"http:\/\/www.rosacel.pt\/en\/#organization\",\"name\":\"Rosacel - Home Textiles\",\"url\":\"http:\/\/www.rosacel.pt\/en\/\",\"logo\":{\"@type\":\"ImageObject\",\"inLanguage\":\"en-US\",\"@id\":\"http:\/\/www.rosacel.pt\/en\/#\/schema\/logo\/image\/\",\"url\":\"http:\/\/www.rosacel.pt\/wp-content\/uploads\/2022\/03\/logo-rosacel-1.png\",\"contentUrl\":\"http:\/\/www.rosacel.pt\/wp-content\/uploads\/2022\/03\/logo-rosacel-1.png\",\"width\":1300,\"height\":315,\"caption\":\"Rosacel - Home Textiles\"},\"image\":{\"@id\":\"http:\/\/www.rosacel.pt\/en\/#\/schema\/logo\/image\/\"},\"sameAs\":[\"https:\/\/pt-pt.facebook.com\/rosacelhometextiles\/\",\"https:\/\/www.instagram.com\/rosacel.hometextiles\/\",\"https:\/\/pt.linkedin.com\/company\/rosacel-home-textiles\"]}]}<\/script>\n<!-- \/ Yoast SEO Premium plugin. -->","yoast_head_json":{"title":"Pol\u00edtica de Cookies - Rosacel","description":"Politica de Cookies \u00e9 a pagina onde tem toda a informa\u00e7\u00e3o acerca dos cookies usados pelo website da Rosacel.","robots":{"index":"index","follow":"follow","max-snippet":"max-snippet:-1","max-image-preview":"max-image-preview:large","max-video-preview":"max-video-preview:-1"},"canonical":"http:\/\/www.rosacel.pt\/en\/politica-de-cookies\/","og_locale":"en_US","og_type":"article","og_title":"Pol\u00edtica de Cookies","og_description":"Politica de Cookies \u00e9 a pagina onde tem toda a informa\u00e7\u00e3o acerca dos cookies usados pelo website da Rosacel.","og_url":"http:\/\/www.rosacel.pt\/en\/politica-de-cookies\/","og_site_name":"Rosacel","article_publisher":"https:\/\/pt-pt.facebook.com\/rosacelhometextiles\/","article_modified_time":"2023-01-10T21:09:27+00:00","og_image":[{"width":1300,"height":315,"url":"https:\/\/www.rosacel.pt\/wp-content\/uploads\/2022\/03\/logo-rosacel-1.png","type":"image\/png"}],"twitter_card":"summary_large_image","twitter_misc":{"Est. reading time":"5 minutes"},"schema":{"@context":"https:\/\/schema.org","@graph":[{"@type":"WebPage","@id":"https:\/\/www.rosacel.pt\/en\/politica-de-cookies\/","url":"https:\/\/www.rosacel.pt\/en\/politica-de-cookies\/","name":"Pol\u00edtica de Cookies - Rosacel","isPartOf":{"@id":"http:\/\/www.rosacel.pt\/en\/#website"},"datePublished":"2022-06-03T09:32:29+00:00","dateModified":"2023-01-10T21:09:27+00:00","description":"Politica de Cookies \u00e9 a pagina onde tem toda a informa\u00e7\u00e3o acerca dos cookies usados pelo website da Rosacel.","breadcrumb":{"@id":"https:\/\/www.rosacel.pt\/en\/politica-de-cookies\/#breadcrumb"},"inLanguage":"en-US","potentialAction":[{"@type":"ReadAction","target":["https:\/\/www.rosacel.pt\/en\/politica-de-cookies\/"]}]},{"@type":"BreadcrumbList","@id":"https:\/\/www.rosacel.pt\/en\/politica-de-cookies\/#breadcrumb","itemListElement":[{"@type":"ListItem","position":1,"name":"Home","item":"https:\/\/www.rosacel.pt\/"},{"@type":"ListItem","position":2,"name":"Pol\u00edtica de Cookies"}]},{"@type":"WebSite","@id":"http:\/\/www.rosacel.pt\/en\/#website","url":"http:\/\/www.rosacel.pt\/en\/","name":"Rosacel","description":"bedspreads, duvet covers, table linen, throws and plaids producers","publisher":{"@id":"http:\/\/www.rosacel.pt\/en\/#organization"},"potentialAction":[{"@type":"SearchAction","target":{"@type":"EntryPoint","urlTemplate":"http:\/\/www.rosacel.pt\/en\/?s={search_term_string}"},"query-input":{"@type":"PropertyValueSpecification","valueRequired":true,"valueName":"search_term_string"}}],"inLanguage":"en-US"},{"@type":"Organization","@id":"http:\/\/www.rosacel.pt\/en\/#organization","name":"Rosacel - Home Textiles","url":"http:\/\/www.rosacel.pt\/en\/","logo":{"@type":"ImageObject","inLanguage":"en-US","@id":"http:\/\/www.rosacel.pt\/en\/#\/schema\/logo\/image\/","url":"http:\/\/www.rosacel.pt\/wp-content\/uploads\/2022\/03\/logo-rosacel-1.png","contentUrl":"http:\/\/www.rosacel.pt\/wp-content\/uploads\/2022\/03\/logo-rosacel-1.png","width":1300,"height":315,"caption":"Rosacel - Home Textiles"},"image":{"@id":"http:\/\/www.rosacel.pt\/en\/#\/schema\/logo\/image\/"},"sameAs":["https:\/\/pt-pt.facebook.com\/rosacelhometextiles\/","https:\/\/www.instagram.com\/rosacel.hometextiles\/","https:\/\/pt.linkedin.com\/company\/rosacel-home-textiles"]}]}},"_links":{"self":[{"href":"http:\/\/www.rosacel.pt\/en\/wp-json\/wp\/v2\/pages\/6183","targetHints":{"allow":["GET"]}}],"collection":[{"href":"http:\/\/www.rosacel.pt\/en\/wp-json\/wp\/v2\/pages"}],"about":[{"href":"http:\/\/www.rosacel.pt\/en\/wp-json\/wp\/v2\/types\/page"}],"author":[{"embeddable":true,"href":"http:\/\/www.rosacel.pt\/en\/wp-json\/wp\/v2\/users\/1"}],"replies":[{"embeddable":true,"href":"http:\/\/www.rosacel.pt\/en\/wp-json\/wp\/v2\/comments?post=6183"}],"version-history":[{"count":0,"href":"http:\/\/www.rosacel.pt\/en\/wp-json\/wp\/v2\/pages\/6183\/revisions"}],"wp:attachment":[{"href":"http:\/\/www.rosacel.pt\/en\/wp-json\/wp\/v2\/media?parent=6183"}],"curies":[{"name":"wp","href":"https:\/\/api.w.org\/{rel}","templated":true}]}}